{"id":9,"date":"2024-06-29T13:12:31","date_gmt":"2024-06-29T13:12:31","guid":{"rendered":"https:\/\/pollerapantalon.org\/\/?page_id=9"},"modified":"2024-10-16T16:23:39","modified_gmt":"2024-10-16T16:23:39","slug":"novedades","status":"publish","type":"page","link":"https:\/\/pollerapantalon.org\/en\/novedades\/","title":{"rendered":"News"},"content":{"rendered":"<section class=\"wp-block-greenshift-blocks-row alignfull gspb_row gspb_row-id-gsbp-032522c\" id=\"gspb_row-id-gsbp-032522c\"><div class=\"gspb_row__content\"> \n<div class=\"wp-block-greenshift-blocks-row-column gspb_row__col--12 gspb_col-id-gsbp-852b3b4 gspb-hoverparent-167\" id=\"gspb_col-id-gsbp-852b3b4\">\n<h2 id=\"gspb_heading-id-gsbp-9773fe7\" class=\"gspb_heading gspb_heading-id-gsbp-9773fe7\">News<\/h2>\n\n\n\t\t\t\t\t\t\t\t\t\t\t\t\t\t\t\t\t<div id=\"gspb_filterid_gsbp-1fea30f\" class=\"gspbgrid_id-gsbp-1fea30f gspbgrid_list_builder wp-block-query alignwide gspb_filterid_gsbp-1fea30f  gspb_aj_pag_auto_wrap wp-block-greenshift-blocks-querygrid\" data-aos=\"fade\" data-aos-easing=\"ease\" data-aos-duration=\"800\" data-aos-once=\"1\" data-filterargs='{\"post_type\":\"post\",\"posts_per_page\":4,\"order\":\"desc\",\"post_status\":\"publish\",\"orderby\":\"date\",\"gs_query\":true}' data-template=\"querybuilder\" data-innerargs='' data-perpage='4' data-paginationtype=\"\">\n\t\t\t\t\t\t\t\t\t\t\n\t\t\t\t\t<ul class=\"wp-block-post-template\" data-currentpage=\"1\" data-maxpage=\"10\" data-paginationid=\"currentpage-gspb_filterid_gsbp-1fea30f\">\n\t\t\t\t\t\t\t\t\t\t\t\t\t\n<li class=\"gspbgrid_item swiper-slide post-358\">\n    <a class=\"gspbgrid_item_link\" title=\"Women leaders: they build bridges and share knowledge with an open view of the world\" href=\"https:\/\/pollerapantalon.org\/en\/la-nacion-mujeres-referentes\/\"><\/a>            \n<div class=\"gspb_id-gsbp-df27d41 gspb-dynamic-post-image  wp-block-greenshift-blocks-dynamic-post-image\"><a href=\"https:\/\/pollerapantalon.org\/en\/la-nacion-mujeres-referentes\/\" title=\"Women leaders: they build bridges and share knowledge with an open view of the world\"><img decoding=\"async\" width=\"1652\" height=\"952\" src=\"https:\/\/pollerapantalon.org\/wp-content\/uploads\/2024\/09\/pollera-pantalon-armenia-destacada-1652.webp\" class=\"wp-post-image\" alt=\"Pollera Pantal\u00f3n en Armenia\" loading=\"lazy\" srcset=\"https:\/\/pollerapantalon.org\/wp-content\/uploads\/2024\/09\/pollera-pantalon-armenia-destacada-1652.webp 1652w, https:\/\/pollerapantalon.org\/wp-content\/uploads\/2024\/09\/pollera-pantalon-armenia-destacada-1652-300x173.webp 300w, https:\/\/pollerapantalon.org\/wp-content\/uploads\/2024\/09\/pollera-pantalon-armenia-destacada-1652-1024x590.webp 1024w, https:\/\/pollerapantalon.org\/wp-content\/uploads\/2024\/09\/pollera-pantalon-armenia-destacada-1652-768x443.webp 768w, https:\/\/pollerapantalon.org\/wp-content\/uploads\/2024\/09\/pollera-pantalon-armenia-destacada-1652-1536x885.webp 1536w, https:\/\/pollerapantalon.org\/wp-content\/uploads\/2024\/09\/pollera-pantalon-armenia-destacada-1652-18x10.webp 18w\" sizes=\"auto, (max-width: 1652px) 100vw, 1652px\" \/><\/a><\/div>\n\n\n<div data-style-id=\"gsbp-63777cb\" data-gsapinit=\"1\" data-delay=\"0.4\" data-duration=\"0.8\" data-o=\"1\" data-from=\"yes\" data-triggertype=\"scroll\" data-stdelay=\"3\" data-stchild=\"yes\" data-prehidden=\"1\" class=\"novedades-content-wrapper\"><div class=\"gspb_id-gsbp-ee9f440 gspb-dynamic-post-title wp-block-greenshift-blocks-dynamic-post-title\"><h2 class=\"gspb-dynamic-title-element\"><a href=\"https:\/\/pollerapantalon.org\/en\/la-nacion-mujeres-referentes\/\">Women leaders: they build bridges and share knowledge with an open view of the world<\/a><\/h2><\/div>\n\n\n<div data-style-id=\"gsbp-54a3996\"><div class=\"gspb_id-gsbp-3a10de0 gspb_meta wp-block-greenshift-blocks-meta\"><span class=\"gspb_meta_value\">Content team<\/span><span class=\"gspb_meta_postfix\">\/<\/span> <\/div>\n\n<div class=\"gspb_id-gsbp-0d4d316 gspb_meta wp-block-greenshift-blocks-meta\"><span class=\"gspb_meta_value\">September 15, 2024<\/span><\/div><\/div>\n<\/div>\n\n    <\/li>                            \t\t\t\t\t\t\t\t\t\t\t\t\t\n<li class=\"gspbgrid_item swiper-slide post-1443\">\n    <a class=\"gspbgrid_item_link\" title=\"Meeting to officially announce the winners of the 2021 Mujeres Por Mas award\" href=\"https:\/\/pollerapantalon.org\/en\/encuentro-de-oficializacion-de-las-ganadoras-del-premio-mujeres-por-mas-2021\/\"><\/a>            \n<div class=\"gspb_id-gsbp-df27d41 gspb-dynamic-post-image  wp-block-greenshift-blocks-dynamic-post-image\"><a href=\"https:\/\/pollerapantalon.org\/en\/encuentro-de-oficializacion-de-las-ganadoras-del-premio-mujeres-por-mas-2021\/\" title=\"Meeting to officially announce the winners of the 2021 Mujeres Por Mas award\"><img decoding=\"async\" width=\"1652\" height=\"952\" src=\"https:\/\/pollerapantalon.org\/wp-content\/uploads\/2024\/09\/encuentro.jpg\" class=\"wp-post-image\" alt=\"Encuentro de oficializaci\u00f3n de las ganadoras del premio Mujeres Por Mas 2021\" loading=\"lazy\" srcset=\"https:\/\/pollerapantalon.org\/wp-content\/uploads\/2024\/09\/encuentro.jpg 1652w, https:\/\/pollerapantalon.org\/wp-content\/uploads\/2024\/09\/encuentro-300x173.jpg 300w, https:\/\/pollerapantalon.org\/wp-content\/uploads\/2024\/09\/encuentro-1024x590.jpg 1024w, https:\/\/pollerapantalon.org\/wp-content\/uploads\/2024\/09\/encuentro-768x443.jpg 768w, https:\/\/pollerapantalon.org\/wp-content\/uploads\/2024\/09\/encuentro-1536x885.jpg 1536w, https:\/\/pollerapantalon.org\/wp-content\/uploads\/2024\/09\/encuentro-18x10.jpg 18w\" sizes=\"auto, (max-width: 1652px) 100vw, 1652px\" \/><\/a><\/div>\n\n\n<div data-style-id=\"gsbp-63777cb\" data-gsapinit=\"1\" data-delay=\"0.4\" data-duration=\"0.8\" data-o=\"1\" data-from=\"yes\" data-triggertype=\"scroll\" data-stdelay=\"3\" data-stchild=\"yes\" data-prehidden=\"1\" class=\"novedades-content-wrapper\"><div class=\"gspb_id-gsbp-ee9f440 gspb-dynamic-post-title wp-block-greenshift-blocks-dynamic-post-title\"><h2 class=\"gspb-dynamic-title-element\"><a href=\"https:\/\/pollerapantalon.org\/en\/encuentro-de-oficializacion-de-las-ganadoras-del-premio-mujeres-por-mas-2021\/\">Meeting to officially announce the winners of the 2021 Mujeres Por Mas award<\/a><\/h2><\/div>\n\n\n<div data-style-id=\"gsbp-54a3996\"><div class=\"gspb_id-gsbp-3a10de0 gspb_meta wp-block-greenshift-blocks-meta\"><span class=\"gspb_meta_value\">Content team<\/span><span class=\"gspb_meta_postfix\">\/<\/span> <\/div>\n\n<div class=\"gspb_id-gsbp-0d4d316 gspb_meta wp-block-greenshift-blocks-meta\"><span class=\"gspb_meta_value\">April 26, 2022<\/span><\/div><\/div>\n<\/div>\n\n    <\/li>                            \t\t\t\t\t\t\t\t\t\t\t\t\t\n<li class=\"gspbgrid_item swiper-slide post-1437\">\n    <a class=\"gspbgrid_item_link\" title=\"Skirt Pants at the Israel Business Cocktail 2021\" href=\"https:\/\/pollerapantalon.org\/en\/pollera-pantalon-en-el-israel-business-cocktail-2021\/\"><\/a>            \n<div class=\"gspb_id-gsbp-df27d41 gspb-dynamic-post-image  wp-block-greenshift-blocks-dynamic-post-image\"><a href=\"https:\/\/pollerapantalon.org\/en\/pollera-pantalon-en-el-israel-business-cocktail-2021\/\" title=\"Skirt Pants at the Israel Business Cocktail 2021\"><img decoding=\"async\" width=\"1652\" height=\"952\" src=\"https:\/\/pollerapantalon.org\/wp-content\/uploads\/2024\/09\/pollera-pantalon-israel.webp\" class=\"wp-post-image\" alt=\"Pollera Pantal\u00f3n en el Israel Business Cocktail 2021 \u200b\u200b\" loading=\"lazy\" srcset=\"https:\/\/pollerapantalon.org\/wp-content\/uploads\/2024\/09\/pollera-pantalon-israel.webp 1652w, https:\/\/pollerapantalon.org\/wp-content\/uploads\/2024\/09\/pollera-pantalon-israel-300x173.webp 300w, https:\/\/pollerapantalon.org\/wp-content\/uploads\/2024\/09\/pollera-pantalon-israel-1024x590.webp 1024w, https:\/\/pollerapantalon.org\/wp-content\/uploads\/2024\/09\/pollera-pantalon-israel-768x443.webp 768w, https:\/\/pollerapantalon.org\/wp-content\/uploads\/2024\/09\/pollera-pantalon-israel-1536x885.webp 1536w, https:\/\/pollerapantalon.org\/wp-content\/uploads\/2024\/09\/pollera-pantalon-israel-18x10.webp 18w\" sizes=\"auto, (max-width: 1652px) 100vw, 1652px\" \/><\/a><\/div>\n\n\n<div data-style-id=\"gsbp-63777cb\" data-gsapinit=\"1\" data-delay=\"0.4\" data-duration=\"0.8\" data-o=\"1\" data-from=\"yes\" data-triggertype=\"scroll\" data-stdelay=\"3\" data-stchild=\"yes\" data-prehidden=\"1\" class=\"novedades-content-wrapper\"><div class=\"gspb_id-gsbp-ee9f440 gspb-dynamic-post-title wp-block-greenshift-blocks-dynamic-post-title\"><h2 class=\"gspb-dynamic-title-element\"><a href=\"https:\/\/pollerapantalon.org\/en\/pollera-pantalon-en-el-israel-business-cocktail-2021\/\">Skirt Pants at the Israel Business Cocktail 2021<\/a><\/h2><\/div>\n\n\n<div data-style-id=\"gsbp-54a3996\"><div class=\"gspb_id-gsbp-3a10de0 gspb_meta wp-block-greenshift-blocks-meta\"><span class=\"gspb_meta_value\">Content team<\/span><span class=\"gspb_meta_postfix\">\/<\/span> <\/div>\n\n<div class=\"gspb_id-gsbp-0d4d316 gspb_meta wp-block-greenshift-blocks-meta\"><span class=\"gspb_meta_value\">September 26, 2021<\/span><\/div><\/div>\n<\/div>\n\n    <\/li>                            \t\t\t\t\t\t\t\t\t\t\t\t\t\n<li class=\"gspbgrid_item swiper-slide post-1623\">\n    <a class=\"gspbgrid_item_link\" title=\"WOMEN: \u00abEconomic and technological inclusion in Israel and Argentina\u00bb\" href=\"https:\/\/pollerapantalon.org\/en\/mujeres-la-inclusion-economica-y-tecnologica-en-israel-y-argentina\/\"><\/a>            \n<div class=\"gspb_id-gsbp-df27d41 gspb-dynamic-post-image  wp-block-greenshift-blocks-dynamic-post-image\"><a href=\"https:\/\/pollerapantalon.org\/en\/mujeres-la-inclusion-economica-y-tecnologica-en-israel-y-argentina\/\" title=\"WOMEN: \u00abEconomic and technological inclusion in Israel and Argentina\u00bb\"><img decoding=\"async\" width=\"720\" height=\"317\" src=\"https:\/\/pollerapantalon.org\/wp-content\/uploads\/2024\/10\/TT_Embajada_Mujeres_1_Principal-720x1280-destacada.jpg\" class=\"wp-post-image\" alt=\"La inclusi\u00f3n econ\u00f3mica y tecnol\u00f3gica en Israel y Argentina\" loading=\"lazy\" srcset=\"https:\/\/pollerapantalon.org\/wp-content\/uploads\/2024\/10\/TT_Embajada_Mujeres_1_Principal-720x1280-destacada.jpg 720w, https:\/\/pollerapantalon.org\/wp-content\/uploads\/2024\/10\/TT_Embajada_Mujeres_1_Principal-720x1280-destacada-300x132.jpg 300w, https:\/\/pollerapantalon.org\/wp-content\/uploads\/2024\/10\/TT_Embajada_Mujeres_1_Principal-720x1280-destacada-18x8.jpg 18w\" sizes=\"auto, (max-width: 720px) 100vw, 720px\" \/><\/a><\/div>\n\n\n<div data-style-id=\"gsbp-63777cb\" data-gsapinit=\"1\" data-delay=\"0.4\" data-duration=\"0.8\" data-o=\"1\" data-from=\"yes\" data-triggertype=\"scroll\" data-stdelay=\"3\" data-stchild=\"yes\" data-prehidden=\"1\" class=\"novedades-content-wrapper\"><div class=\"gspb_id-gsbp-ee9f440 gspb-dynamic-post-title wp-block-greenshift-blocks-dynamic-post-title\"><h2 class=\"gspb-dynamic-title-element\"><a href=\"https:\/\/pollerapantalon.org\/en\/mujeres-la-inclusion-economica-y-tecnologica-en-israel-y-argentina\/\">WOMEN: \u00abEconomic and technological inclusion in Israel and Argentina\u00bb<\/a><\/h2><\/div>\n\n\n<div data-style-id=\"gsbp-54a3996\"><div class=\"gspb_id-gsbp-3a10de0 gspb_meta wp-block-greenshift-blocks-meta\"><span class=\"gspb_meta_value\">Content team<\/span><span class=\"gspb_meta_postfix\">\/<\/span> <\/div>\n\n<div class=\"gspb_id-gsbp-0d4d316 gspb_meta wp-block-greenshift-blocks-meta\"><span class=\"gspb_meta_value\">July 21, 2021<\/span><\/div><\/div>\n<\/div>\n\n    <\/li>                            \t\t\t\t\t\t\t\t\t\t\t<\/ul>\n\t\t\t\t\t\t\t\t\t\t\t<div class=\"gspb_ajax_pagination gspb_ajax_pagination_outer\">\n\t\t\t\t\t\t\t<span data-offset=\"4\" data-containerid=\"gspb_filterid_gsbp-1fea30f\" class=\"gspb_ajax_pagination_btn\">\n\t\t\t\t\t\t\t\t\t\t\t\t\t\t\t<\/span>\n\t\t\t\t\t\t<\/div>\n\t\t\t\t\t\n\t\t\t\t\t\n\t\t\t\t<\/div>\n\t\t\t\t<div class=\"clearfix\"><\/div>\n\t\t\t\n\t\t\t<\/div>\n <\/div><\/section>","protected":false},"excerpt":{"rendered":"","protected":false},"author":2,"featured_media":0,"parent":0,"menu_order":0,"comment_status":"closed","ping_status":"closed","template":"page-templates\/full-width.php","meta":{"_acf_changed":false,"_gspb_post_css":"@keyframes fr-loading-rotate{0%{transform:rotate(0)}to{transform:rotate(360deg)}}#gspb_row-id-gsbp-032522c{justify-content:space-between;margin-top:0;margin-bottom:0;display:flex;flex-wrap:wrap}#gspb_row-id-gsbp-032522c>.gspb_row__content{display:flex;justify-content:space-between;margin:0 auto;width:100%;flex-wrap:wrap}.gspb_row{position:relative}div[id^=gspb_col-id]{box-sizing:border-box;position:relative;padding:15px min(3vw,20px)}body.gspb-bodyfront #gspb_row-id-gsbp-032522c>.gspb_row__content{width:var(--theme-container-width, 1200px);max-width:var(--theme-normal-container-max-width, 1200px)}#gspb_col-id-gsbp-852b3b4.gspb_row__col--12{width:100%}@media (max-width:575.98px){#gspb_col-id-gsbp-852b3b4.gspb_row__col--12{width:100%}}.gspb_row #gspb_col-id-gsbp-852b3b4.gspb_row__col--12{padding:20px}#gspb_heading-id-gsbp-9773fe7{color:var(--wp--preset--color--palette-color-1, var(--theme-palette-color-1, #662382));margin-top:0;margin-bottom:30px;padding-right:100px}.gspbgrid_id-gsbp-1fea30f .wp-block-post-template{list-style:none;margin:0;padding:0}.gspbgrid_id-gsbp-1fea30f .wp-block-post-template:before{display:none!important}.gspbgrid_id-gsbp-1fea30f .wp-block-post-template>li{width:100%!important}.gspbgrid_id-gsbp-1fea30f .gspb_ajax_pagination_btn:after{height:48px;width:48px;color:rgba(140,2,232,.08);display:inline-block;border:4px solid;border-radius:50%;border-right-color:rgb(140 2 232\/28%);transform:rotate(0);animation:fr-loading-rotate 1s ease-in-out infinite;pointer-events:none;content:\"\";will-change:transform}.gspbgrid_id-gsbp-1fea30f.aos-animate,.gspbgrid_id-gsbp-1fea30f[data-gs-aos]{transition:all .5s cubic-bezier(.165,.84,.44,1);transform:translateY(0)}.gspbgrid_id-gsbp-1fea30f,.gspbgrid_id-gsbp-1fea30f .wp-block-post-template>.gspbgrid_item{overflow:hidden}body.gspb-bodyfront .gspbgrid_id-gsbp-1fea30f .wp-block-post-template>.gspbgrid_item,body.gspb-bodyfront .gspbgrid_id-gsbp-1fea30f .wp-block-post-template>.gspbgrid_item>.gspbgrid_item_inner{display:flex}.gspbgrid_id-gsbp-1fea30f .gspbgrid_item_link{position:absolute;top:0;left:0;right:0;bottom:0;width:100%;height:100%;z-index:3}.gspbgrid_id-gsbp-1fea30f .wp-block-post-template>.gspbgrid_item{position:relative}.gspbgrid_id-gsbp-1fea30f .wp-block-post-template{display:grid;grid-template-columns:repeat(2,1fr)}@media (max-width:991.98px){.gspbgrid_id-gsbp-1fea30f .wp-block-post-template{grid-template-columns:repeat(2,1fr)}}@media (max-width:767.98px){.gspbgrid_id-gsbp-1fea30f .wp-block-post-template{grid-template-columns:repeat(2,1fr)}}@media (max-width:575.98px){.gspbgrid_id-gsbp-1fea30f .wp-block-post-template{grid-template-columns:repeat(1,1fr)}}.gspbgrid_id-gsbp-1fea30f .wp-block-post-template{gap:20px}@media (max-width:991.98px){.gspbgrid_id-gsbp-1fea30f .wp-block-post-template{gap:20px}}@media (max-width:767.98px){.gspbgrid_id-gsbp-1fea30f .wp-block-post-template{gap:20px}}@media (max-width:575.98px){.gspbgrid_id-gsbp-1fea30f .wp-block-post-template{gap:20px}}.gspbgrid_id-gsbp-1fea30f .wp-block-post-template>li:nth-child(1){grid-column-start:1;grid-column-end:2;grid-row-start:1;grid-row-end:2;position:relative}.gspbgrid_id-gsbp-1fea30f .wp-block-post-template>li:nth-child(2){grid-column-start:2;grid-column-end:3;grid-row-start:1;grid-row-end:2;position:relative}.gspbgrid_id-gsbp-1fea30f .wp-block-post-template>li:nth-child(3){grid-column-start:1;grid-column-end:2;grid-row-start:2;grid-row-end:3;position:relative}.gspbgrid_id-gsbp-1fea30f .wp-block-post-template>li:nth-child(4){grid-column-start:2;grid-column-end:3;grid-row-start:2;grid-row-end:3;position:relative}.gspbgrid_id-gsbp-1fea30f .wp-block-post-template>li:nth-child(5){grid-column-start:1;grid-column-end:2;grid-row-start:3;grid-row-end:4;position:relative}.gspbgrid_id-gsbp-1fea30f .wp-block-post-template>li:nth-child(6){grid-column-start:2;grid-column-end:3;grid-row-start:3;grid-row-end:4;position:relative}.gspbgrid_id-gsbp-1fea30f .wp-block-post-template>li:nth-child(7){grid-column-start:1;grid-column-end:2;grid-row-start:4;grid-row-end:5;position:relative}.gspbgrid_id-gsbp-1fea30f .wp-block-post-template>li:nth-child(8){grid-column-start:2;grid-column-end:3;grid-row-start:4;grid-row-end:5;position:relative}.gspbgrid_id-gsbp-1fea30f{transition-duration:.8s;transition-timing-function:ease;opacity:0;transition-property:opacity,transform}.gspbgrid_id-gsbp-1fea30f.aos-animate,.gspbgrid_id-gsbp-1fea30f[data-gs-aos]{opacity:1;transform:translateZ(0)}.gspb_id-gsbp-df27d41{transition:all .5s cubic-bezier(.165,.84,.44,1);text-align:center}.gspb_id-gsbp-df27d41:hover{transform:scale(1.1)}.gspb_id-gsbp-df27d41 img{object-fit:fill;vertical-align:middle}@media (max-width:991.98px){.gspb_id-gsbp-df27d41 img{vertical-align:top}}@media (max-width:767.98px){.gspb_id-gsbp-df27d41 img{vertical-align:top}}@media (max-width:575.98px){.gspb_id-gsbp-df27d41 img{vertical-align:top}}.gspb_id-gsbp-df27d41 img,.gspb_id-gsbp-df27d41 svg.gspb_svg_placeholder{width:auto;min-width:auto;max-width:100%;height:auto}[data-prehidden]{visibility:hidden}[data-style-id=gsbp-63777cb]{padding:40px}@media (max-width:991.98px){[data-style-id=gsbp-63777cb]{padding:30px}}@media (max-width:575.98px){[data-style-id=gsbp-63777cb]{padding:10px}}[data-style-id=gsbp-63777cb]{background-color:#0000006b;position:absolute;top:0;right:0;bottom:0;left:0;visibility:visible;flex-direction:column;justify-content:center}.gspb_id-gsbp-ee9f440 h2.gspb-dynamic-title-element{margin-top:10px;margin-bottom:15px}body .gspb_id-gsbp-ee9f440 h2.gspb-dynamic-title-element{font-size:1.2rem;line-height:1.5rem;text-align:center!important;text-decoration:none}body .gspb_id-gsbp-ee9f440 h2.gspb-dynamic-title-element .gsap-g-line{text-align:center!important}body .gspb_id-gsbp-ee9f440 h2.gspb-dynamic-title-element a{text-decoration:none}body .gspb_id-gsbp-ee9f440 h2.gspb-dynamic-title-element,body .gspb_id-gsbp-ee9f440 h2.gspb-dynamic-title-element .wp-block a,body .gspb_id-gsbp-ee9f440 h2.gspb-dynamic-title-element a,body .gspb_id-gsbp-ee9f440 h2.gspb-dynamic-title-element:hover{color:var(--wp--preset--color--palette-color-3, var(--theme-palette-color-3, #ffffff))}.gspb_id-gsbp-ee9f440,[data-style-id=gsbp-63777cb]{display:flex;align-items:center}[data-style-id=gsbp-54a3996]{margin-top:30px;flex-direction:row;column-gap:.4rem}.gspb_id-gsbp-0d4d316,.gspb_id-gsbp-3a10de0,[data-style-id=gsbp-54a3996]{display:flex;align-items:center}.gspb_id-gsbp-3a10de0 .gspb_meta_value{margin-right:8px;font-size:13px;font-weight:700!important;color:var(--wp--preset--color--palette-color-8, var(--theme-palette-color-8, #ffffff))}.gspb_id-gsbp-3a10de0 .gspb_meta_postfix{color:#0000003b}.gspb_id-gsbp-0d4d316{opacity:.5}.gspb_id-gsbp-0d4d316 .gspb_meta_value{font-size:13px;color:var(--wp--preset--color--palette-color-8, var(--theme-palette-color-8, #ffffff))}","footnotes":""},"class_list":["post-9","page","type-page","status-publish","hentry"],"blocksy_meta":[],"acf":[],"_links":{"self":[{"href":"https:\/\/pollerapantalon.org\/en\/wp-json\/wp\/v2\/pages\/9","targetHints":{"allow":["GET"]}}],"collection":[{"href":"https:\/\/pollerapantalon.org\/en\/wp-json\/wp\/v2\/pages"}],"about":[{"href":"https:\/\/pollerapantalon.org\/en\/wp-json\/wp\/v2\/types\/page"}],"author":[{"embeddable":true,"href":"https:\/\/pollerapantalon.org\/en\/wp-json\/wp\/v2\/users\/2"}],"replies":[{"embeddable":true,"href":"https:\/\/pollerapantalon.org\/en\/wp-json\/wp\/v2\/comments?post=9"}],"version-history":[{"count":74,"href":"https:\/\/pollerapantalon.org\/en\/wp-json\/wp\/v2\/pages\/9\/revisions"}],"predecessor-version":[{"id":1790,"href":"https:\/\/pollerapantalon.org\/en\/wp-json\/wp\/v2\/pages\/9\/revisions\/1790"}],"wp:attachment":[{"href":"https:\/\/pollerapantalon.org\/en\/wp-json\/wp\/v2\/media?parent=9"}],"curies":[{"name":"wp","href":"https:\/\/api.w.org\/{rel}","templated":true}]}}