{"id":510,"date":"2024-09-17T17:49:48","date_gmt":"2024-09-17T17:49:48","guid":{"rendered":"https:\/\/pollerapantalon.org\/\/?page_id=510"},"modified":"2024-10-24T13:26:38","modified_gmt":"2024-10-24T13:26:38","slug":"misiones","status":"publish","type":"page","link":"https:\/\/pollerapantalon.org\/en\/misiones\/","title":{"rendered":"Missions"},"content":{"rendered":"<section class=\"wp-block-greenshift-blocks-row alignfull gspb_row gspb_row-id-gsbp-cc930dd\" id=\"gspb_row-id-gsbp-cc930dd\"><div class=\"gspb_row__content\"> \n<div class=\"wp-block-greenshift-blocks-row-column gspb_row__col--12 gspb_col-id-gsbp-58de90e\" id=\"gspb_col-id-gsbp-58de90e\">\n<div id=\"gspb_text-id-gsbp-0f65752\" class=\"gspb_text gspb_text-id-gsbp-0f65752\">Missions<\/div>\n\n\n\n<h2 id=\"gspb_heading-id-gsbp-9773fe7\" class=\"gspb_heading gspb_heading-id-gsbp-9773fe7\">We join together to share knowledge and look for entrepreneurial opportunities together.<\/h2>\n\n\n\n<div class=\"wp-block-greenshift-blocks-container gspb_container gspb_container-gsbp-003ff20\" id=\"gspb_container-id-gsbp-003ff20\">\t\t\t\t\t\t\t\t\t\t\t\t\t\t\t\t\t<div id=\"gspb_filterid_gsbp-220ae2e\" class=\"gspbgrid_id-gsbp-220ae2e gspbgrid_list_builder wp-block-query alignwide gspb_filterid_gsbp-220ae2e  misiones-wrapper wp-block-greenshift-blocks-querygrid\" data-filterargs='' data-template=\"querybuilder\" data-innerargs='' data-perpage='12' data-paginationtype=\"\">\n\t\t\t\t\t\t\t\t\t\t\n\t\t\t\t\t<ul class=\"wp-block-post-template\" data-currentpage=\"1\" data-maxpage=\"0\" data-paginationid=\"currentpage-gspb_filterid_gsbp-220ae2e\">\n\t\t\t\t\t\t\t\t\t\t\t\t\t\n<li class=\"gspbgrid_item swiper-slide post-1458 type-mision\">\n    <a class=\"gspbgrid_item_link\" title=\"India\" href=\"https:\/\/pollerapantalon.org\/en\/mision\/india\/\" rel=\"nofollow\"><\/a>            \n<div class=\"gspb_id-gsbp-e48c76a gspb-dynamic-post-image  wp-block-greenshift-blocks-dynamic-post-image\"><img decoding=\"async\" width=\"960\" height=\"540\" src=\"https:\/\/pollerapantalon.org\/wp-content\/uploads\/2024\/09\/india.webp\" class=\"wp-post-image\" alt=\"\" loading=\"lazy\" srcset=\"https:\/\/pollerapantalon.org\/wp-content\/uploads\/2024\/09\/india.webp 960w, https:\/\/pollerapantalon.org\/wp-content\/uploads\/2024\/09\/india-300x169.webp 300w, https:\/\/pollerapantalon.org\/wp-content\/uploads\/2024\/09\/india-768x432.webp 768w, https:\/\/pollerapantalon.org\/wp-content\/uploads\/2024\/09\/india-18x10.webp 18w\" sizes=\"auto, (max-width: 960px) 100vw, 960px\" \/><\/div>\n\n\n<div class=\"gsbp-f5fcbe7\"><div class=\"gspb_id-gsbp-b9ed673 gspb_meta wp-block-greenshift-blocks-meta\"><span class=\"gspb_meta_value\"><p>November 2024<\/p>\n<\/span><\/div>\n\n<div class=\"gspb_id-gsbp-51764ca gspb-dynamic-post-title wp-block-greenshift-blocks-dynamic-post-title\"><h2 class=\"gspb-dynamic-title-element\"><a href=\"https:\/\/pollerapantalon.org\/en\/mision\/india\/\">India<\/a><\/h2><\/div><\/div>\n\n    <\/li>                            \t\t\t\t\t\t\t\t\t\t\t\t\t\n<li class=\"gspbgrid_item swiper-slide post-1454 type-mision\">\n    <a class=\"gspbgrid_item_link\" title=\"Spain\" href=\"https:\/\/pollerapantalon.org\/en\/mision\/espana\/\" rel=\"nofollow\"><\/a>            \n<div class=\"gspb_id-gsbp-e48c76a gspb-dynamic-post-image  wp-block-greenshift-blocks-dynamic-post-image\"><img decoding=\"async\" width=\"2560\" height=\"1440\" src=\"https:\/\/pollerapantalon.org\/wp-content\/uploads\/2023\/11\/Madrid-scaled-1-webp.webp\" class=\"wp-post-image\" alt=\"Misi\u00f3n Pollera Pantal\u00f3n a Espa\u00f1a\" loading=\"lazy\" srcset=\"https:\/\/pollerapantalon.org\/wp-content\/uploads\/2023\/11\/Madrid-scaled-1-webp.webp 2560w, https:\/\/pollerapantalon.org\/wp-content\/uploads\/2023\/11\/Madrid-scaled-1-webp-300x169.webp 300w, https:\/\/pollerapantalon.org\/wp-content\/uploads\/2023\/11\/Madrid-scaled-1-webp-1024x576.webp 1024w, https:\/\/pollerapantalon.org\/wp-content\/uploads\/2023\/11\/Madrid-scaled-1-webp-768x432.webp 768w, https:\/\/pollerapantalon.org\/wp-content\/uploads\/2023\/11\/Madrid-scaled-1-webp-1536x864.webp 1536w, https:\/\/pollerapantalon.org\/wp-content\/uploads\/2023\/11\/Madrid-scaled-1-webp-2048x1152.webp 2048w, https:\/\/pollerapantalon.org\/wp-content\/uploads\/2023\/11\/Madrid-scaled-1-webp-18x10.webp 18w\" sizes=\"auto, (max-width: 2560px) 100vw, 2560px\" \/><\/div>\n\n\n<div class=\"gsbp-f5fcbe7\"><div class=\"gspb_id-gsbp-b9ed673 gspb_meta wp-block-greenshift-blocks-meta\"><span class=\"gspb_meta_value\"><p>November 2023<\/p>\n<\/span><\/div>\n\n<div class=\"gspb_id-gsbp-51764ca gspb-dynamic-post-title wp-block-greenshift-blocks-dynamic-post-title\"><h2 class=\"gspb-dynamic-title-element\"><a href=\"https:\/\/pollerapantalon.org\/en\/mision\/espana\/\">Spain<\/a><\/h2><\/div><\/div>\n\n    <\/li>                            \t\t\t\t\t\t\t\t\t\t\t\t\t\n<li class=\"gspbgrid_item swiper-slide post-1340 type-mision\">\n    <a class=\"gspbgrid_item_link\" title=\"Finland\" href=\"https:\/\/pollerapantalon.org\/en\/mision\/finlandia\/\" rel=\"nofollow\"><\/a>            \n<div class=\"gspb_id-gsbp-e48c76a gspb-dynamic-post-image  wp-block-greenshift-blocks-dynamic-post-image\"><img decoding=\"async\" width=\"960\" height=\"540\" src=\"https:\/\/pollerapantalon.org\/wp-content\/uploads\/2022\/08\/pollerapantalon-finlandia-portada.jpg\" class=\"wp-post-image\" alt=\"\" loading=\"lazy\" srcset=\"https:\/\/pollerapantalon.org\/wp-content\/uploads\/2022\/08\/pollerapantalon-finlandia-portada.jpg 960w, https:\/\/pollerapantalon.org\/wp-content\/uploads\/2022\/08\/pollerapantalon-finlandia-portada-300x169.jpg 300w, https:\/\/pollerapantalon.org\/wp-content\/uploads\/2022\/08\/pollerapantalon-finlandia-portada-768x432.jpg 768w, https:\/\/pollerapantalon.org\/wp-content\/uploads\/2022\/08\/pollerapantalon-finlandia-portada-18x10.jpg 18w\" sizes=\"auto, (max-width: 960px) 100vw, 960px\" \/><\/div>\n\n\n<div class=\"gsbp-f5fcbe7\"><div class=\"gspb_id-gsbp-b9ed673 gspb_meta wp-block-greenshift-blocks-meta\"><span class=\"gspb_meta_value\"><p>August 2022<\/p>\n<\/span><\/div>\n\n<div class=\"gspb_id-gsbp-51764ca gspb-dynamic-post-title wp-block-greenshift-blocks-dynamic-post-title\"><h2 class=\"gspb-dynamic-title-element\"><a href=\"https:\/\/pollerapantalon.org\/en\/mision\/finlandia\/\">Finland<\/a><\/h2><\/div><\/div>\n\n    <\/li>                            \t\t\t\t\t\t\t\t\t\t\t\t\t\n<li class=\"gspbgrid_item swiper-slide post-1456 type-mision\">\n    <a class=\"gspbgrid_item_link\" title=\"Armenia\" href=\"https:\/\/pollerapantalon.org\/en\/mision\/armenia\/\" rel=\"nofollow\"><\/a>            \n<div class=\"gspb_id-gsbp-e48c76a gspb-dynamic-post-image  wp-block-greenshift-blocks-dynamic-post-image\"><img decoding=\"async\" width=\"960\" height=\"540\" src=\"https:\/\/pollerapantalon.org\/wp-content\/uploads\/2024\/09\/Mision-3-Armenia-1-webp.webp\" class=\"wp-post-image\" alt=\"Pollera Pantal\u00f3n en Armenia\" loading=\"lazy\" srcset=\"https:\/\/pollerapantalon.org\/wp-content\/uploads\/2024\/09\/Mision-3-Armenia-1-webp.webp 960w, https:\/\/pollerapantalon.org\/wp-content\/uploads\/2024\/09\/Mision-3-Armenia-1-webp-300x169.webp 300w, https:\/\/pollerapantalon.org\/wp-content\/uploads\/2024\/09\/Mision-3-Armenia-1-webp-768x432.webp 768w, https:\/\/pollerapantalon.org\/wp-content\/uploads\/2024\/09\/Mision-3-Armenia-1-webp-18x10.webp 18w\" sizes=\"auto, (max-width: 960px) 100vw, 960px\" \/><\/div>\n\n\n<div class=\"gsbp-f5fcbe7\"><div class=\"gspb_id-gsbp-b9ed673 gspb_meta wp-block-greenshift-blocks-meta\"><span class=\"gspb_meta_value\"><p>June 2019<\/p>\n<\/span><\/div>\n\n<div class=\"gspb_id-gsbp-51764ca gspb-dynamic-post-title wp-block-greenshift-blocks-dynamic-post-title\"><h2 class=\"gspb-dynamic-title-element\"><a href=\"https:\/\/pollerapantalon.org\/en\/mision\/armenia\/\">Armenia<\/a><\/h2><\/div><\/div>\n\n    <\/li>                            \t\t\t\t\t\t\t\t\t\t\t\t\t\n<li class=\"gspbgrid_item swiper-slide post-911 type-mision\">\n    <a class=\"gspbgrid_item_link\" title=\"Israel\" href=\"https:\/\/pollerapantalon.org\/en\/mision\/israel\/\" rel=\"nofollow\"><\/a>            \n<div class=\"gspb_id-gsbp-e48c76a gspb-dynamic-post-image  wp-block-greenshift-blocks-dynamic-post-image\"><img decoding=\"async\" width=\"1024\" height=\"498\" src=\"https:\/\/pollerapantalon.org\/wp-content\/uploads\/2024\/09\/Mision-2-Israel-2.webp\" class=\"wp-post-image\" alt=\"Misi\u00f3n a Israel\" loading=\"lazy\" srcset=\"https:\/\/pollerapantalon.org\/wp-content\/uploads\/2024\/09\/Mision-2-Israel-2.webp 1024w, https:\/\/pollerapantalon.org\/wp-content\/uploads\/2024\/09\/Mision-2-Israel-2-300x146.webp 300w, https:\/\/pollerapantalon.org\/wp-content\/uploads\/2024\/09\/Mision-2-Israel-2-768x374.webp 768w\" sizes=\"auto, (max-width: 1024px) 100vw, 1024px\" \/><\/div>\n\n\n<div class=\"gsbp-f5fcbe7\"><div class=\"gspb_id-gsbp-b9ed673 gspb_meta wp-block-greenshift-blocks-meta\"><span class=\"gspb_meta_value\"><p>September 2018<\/p>\n<\/span><\/div>\n\n<div class=\"gspb_id-gsbp-51764ca gspb-dynamic-post-title wp-block-greenshift-blocks-dynamic-post-title\"><h2 class=\"gspb-dynamic-title-element\"><a href=\"https:\/\/pollerapantalon.org\/en\/mision\/israel\/\">Israel<\/a><\/h2><\/div><\/div>\n\n    <\/li>                            \t\t\t\t\t\t\t\t\t\t\t\t\t\n<li class=\"gspbgrid_item swiper-slide post-882 type-mision\">\n    <a class=\"gspbgrid_item_link\" title=\"United Kingdom\" href=\"https:\/\/pollerapantalon.org\/en\/mision\/reino-unido\/\" rel=\"nofollow\"><\/a>            \n<div class=\"gspb_id-gsbp-e48c76a gspb-dynamic-post-image  wp-block-greenshift-blocks-dynamic-post-image\"><img decoding=\"async\" width=\"2560\" height=\"1244\" src=\"https:\/\/pollerapantalon.org\/wp-content\/uploads\/2024\/09\/Mision-1-Reino-Unido-scaled-1.webp\" class=\"wp-post-image\" alt=\"\" loading=\"lazy\" srcset=\"https:\/\/pollerapantalon.org\/wp-content\/uploads\/2024\/09\/Mision-1-Reino-Unido-scaled-1.webp 2560w, https:\/\/pollerapantalon.org\/wp-content\/uploads\/2024\/09\/Mision-1-Reino-Unido-scaled-1-300x146.webp 300w, https:\/\/pollerapantalon.org\/wp-content\/uploads\/2024\/09\/Mision-1-Reino-Unido-scaled-1-1024x498.webp 1024w, https:\/\/pollerapantalon.org\/wp-content\/uploads\/2024\/09\/Mision-1-Reino-Unido-scaled-1-768x373.webp 768w, https:\/\/pollerapantalon.org\/wp-content\/uploads\/2024\/09\/Mision-1-Reino-Unido-scaled-1-1536x746.webp 1536w, https:\/\/pollerapantalon.org\/wp-content\/uploads\/2024\/09\/Mision-1-Reino-Unido-scaled-1-2048x995.webp 2048w\" sizes=\"auto, (max-width: 2560px) 100vw, 2560px\" \/><\/div>\n\n\n<div class=\"gsbp-f5fcbe7\"><div class=\"gspb_id-gsbp-b9ed673 gspb_meta wp-block-greenshift-blocks-meta\"><span class=\"gspb_meta_value\"><p>May 2018<\/p>\n<\/span><\/div>\n\n<div class=\"gspb_id-gsbp-51764ca gspb-dynamic-post-title wp-block-greenshift-blocks-dynamic-post-title\"><h2 class=\"gspb-dynamic-title-element\"><a href=\"https:\/\/pollerapantalon.org\/en\/mision\/reino-unido\/\">United Kingdom<\/a><\/h2><\/div><\/div>\n\n    <\/li>                            \t\t\t\t\t\t\t\t\t\t\t<\/ul>\n\t\t\t\t\t\n\t\t\t\t\t\n\t\t\t\t<\/div>\n\t\t\t\t<div class=\"clearfix\"><\/div>\n\t\t\t\n\t\t\t<\/div>\n<\/div>\n <\/div><\/section>\n\n\n\n<div class=\".parallax-background gsbp-ceb9b9f gs-on-view\"><\/div>\n\n\n\n<section class=\"wp-block-greenshift-blocks-row alignfull gspb_row gspb_row-id-gsbp-63120d2\" id=\"gspb_row-id-gsbp-63120d2\"><div class=\"gspb_row__content\"> \n<div class=\"wp-block-greenshift-blocks-row-column gspb_row__col--12 gspb_col-id-gsbp-219f0e2\" id=\"gspb_col-id-gsbp-219f0e2\">\n<div class=\"wp-block-greenshift-blocks-container gspb_container gspb_container-gsbp-9820fce\" id=\"gspb_container-id-gsbp-9820fce\"><div><div id=\"image-map-pro-9c2c4f28-5ec2-4d45-8e04-5f9b159229f6\"><\/div><\/div>\n<\/div>\n<\/div>\n <\/div><\/section>","protected":false},"excerpt":{"rendered":"","protected":false},"author":2,"featured_media":0,"parent":0,"menu_order":0,"comment_status":"closed","ping_status":"closed","template":"page-templates\/full-width.php","meta":{"_acf_changed":false,"_gspb_post_css":"#gspb_row-id-gsbp-cc930dd{justify-content:space-between;margin-top:0;margin-bottom:0;display:flex;flex-wrap:wrap;background-color:#e5e6e8;background-size:300px;background-repeat:repeat;background-position:50% 70%;background-attachment:fixed}#gspb_row-id-gsbp-cc930dd>.gspb_row__content{display:flex;justify-content:space-between;margin:0 auto;width:100%;flex-wrap:wrap}div[id^=gspb_col-id]{box-sizing:border-box;position:relative;padding:15px min(3vw,20px)}body.gspb-bodyfront #gspb_row-id-gsbp-cc930dd>.gspb_row__content{width:var(--theme-container-width, 1200px);max-width:var(--theme-normal-container-max-width, 1200px)}#gspb_col-id-gsbp-58de90e.gspb_row__col--12{width:100%}@media (max-width:575.98px){#gspb_col-id-gsbp-58de90e.gspb_row__col--12{width:100%}}.gspb_row #gspb_col-id-gsbp-58de90e.gspb_row__col--12{padding-bottom:100px}body #gspb_col-id-gsbp-58de90e.gspb_row__col--12{display:flex;flex-direction:column;justify-content:center;align-items:flex-start}#gspb_heading-id-gsbp-9773fe7,.gspb_text-id-gsbp-0f65752{color:var(--wp--preset--color--palette-color-1, var(--theme-palette-color-1, #662382))}.gspb_text-id-gsbp-0f65752{font-size:24px;text-align:left!important;font-weight:700!important}.gspb_text-id-gsbp-0f65752 .gsap-g-line{text-align:left!important}#gspb_heading-id-gsbp-9773fe7{margin-top:0;margin-bottom:30px;padding-right:100px}@media (max-width:575.98px){#gspb_heading-id-gsbp-9773fe7{padding-right:0}}.gspb_container-id-gsbp-003ff20{flex-direction:column;box-sizing:border-box}#gspb_container-id-gsbp-003ff20.gspb_container>p:last-of-type,#gspb_container-id-gsbp-9820fce.gspb_container>p:last-of-type{margin-bottom:0}#gspb_container-id-gsbp-003ff20.gspb_container{position:relative;display:flex;flex-direction:row;flex-wrap:wrap;justify-content:space-around;align-items:stretch;row-gap:30px;column-gap:30px}@media (max-width:991.98px){#gspb_container-id-gsbp-003ff20.gspb_container{flex-direction:row;flex-wrap:wrap;justify-content:space-around;align-items:stretch;row-gap:15px;column-gap:15px}}body.gspb-bodyfront #gspb_container-id-gsbp-003ff20.gspb_container{max-width:1200px}.gspbgrid_id-gsbp-220ae2e .wp-block-post-template{list-style:none;margin:0;padding:0}.gspbgrid_id-gsbp-220ae2e .wp-block-post-template:before{display:none!important}.gspbgrid_id-gsbp-220ae2e .wp-block-post-template>li{width:100%!important}.gspbgrid_id-gsbp-220ae2e .wp-block-post-template>.gspbgrid_item{overflow:hidden;position:relative}.gspbgrid_id-gsbp-220ae2e .gspbgrid_item_link{position:absolute;top:0;left:0;right:0;bottom:0;width:100%;height:100%;z-index:3}.gspbgrid_id-gsbp-220ae2e .wp-block-post-template{display:grid;grid-template-columns:repeat(2,1fr)}@media (max-width:991.98px){.gspbgrid_id-gsbp-220ae2e .wp-block-post-template{grid-template-columns:repeat(3,1fr)}}@media (max-width:767.98px){.gspbgrid_id-gsbp-220ae2e .wp-block-post-template{grid-template-columns:repeat(2,1fr)}}@media (max-width:575.98px){.gspbgrid_id-gsbp-220ae2e .wp-block-post-template{grid-template-columns:repeat(1,1fr)}}.gspbgrid_id-gsbp-220ae2e .wp-block-post-template{gap:20px}@media (max-width:991.98px){.gspbgrid_id-gsbp-220ae2e .wp-block-post-template{gap:20px}}@media (max-width:767.98px){.gspbgrid_id-gsbp-220ae2e .wp-block-post-template{gap:20px}}@media (max-width:575.98px){.gspbgrid_id-gsbp-220ae2e .wp-block-post-template{gap:20px}}.gspb_id-gsbp-e48c76a img{object-fit:cover;vertical-align:top}@media (max-width:991.98px){.gspb_id-gsbp-e48c76a img{vertical-align:top}}@media (max-width:767.98px){.gspb_id-gsbp-e48c76a img{vertical-align:top}}@media (max-width:575.98px){.gspb_id-gsbp-e48c76a img{vertical-align:top}}.gspb_id-gsbp-e48c76a img,.gspb_id-gsbp-e48c76a svg.gspb_svg_placeholder{width:100%;min-width:100%;max-width:100%;height:nullpx}.gsbp-f5fcbe7{margin-top:10px}.gspb_id-gsbp-b9ed673{margin-top:5px}.gspb_id-gsbp-b9ed673 .gspb_meta_value{margin-right:8px;margin-bottom:0;font-size:13px;color:#696969}.gspb_id-gsbp-b9ed673 .gspb_meta_postfix{color:#0000003b}.gspb_id-gsbp-51764ca h2.gspb-dynamic-title-element{margin-top:0;margin-bottom:0}body .gspb_id-gsbp-51764ca h2.gspb-dynamic-title-element{font-size:1.2rem;line-height:1.5rem;text-decoration:none}body .gspb_id-gsbp-51764ca h2.gspb-dynamic-title-element a{text-decoration:none}.gspb_id-gsbp-51764ca,.gspb_id-gsbp-b9ed673{display:flex;align-items:center}#gspb_row-id-gsbp-63120d2,.gsbp-ceb9b9f{background-color:#e5e6e8;background-attachment:fixed}.gsbp-ceb9b9f{background-position:53% 60%;height:200px}.gsbp-ceb9b9f.gs-active-view{background-image:url(https:\/\/pollerapantalon.org\/\/wp-content\/uploads\/2024\/09\/Trama_blanca-8.png)}#gspb_row-id-gsbp-63120d2{justify-content:space-between;margin-top:0;margin-bottom:0;display:flex;flex-wrap:wrap;background-size:cover;background-repeat:no-repeat;background-position:50% 70%}#gspb_row-id-gsbp-63120d2>.gspb_row__content{display:flex;justify-content:space-between;margin:0 auto;width:100%;flex-wrap:wrap}.gspb_row{position:relative}body.gspb-bodyfront #gspb_row-id-gsbp-63120d2>.gspb_row__content{width:var(--theme-container-width, 1200px);max-width:var(--theme-normal-container-max-width, 1200px)}#gspb_row-id-gsbp-63120d2:hover{background-size:cover}#gspb_col-id-gsbp-219f0e2.gspb_row__col--12{width:100%}@media (max-width:575.98px){#gspb_col-id-gsbp-219f0e2.gspb_row__col--12{width:100%}}.gspb_row #gspb_col-id-gsbp-219f0e2.gspb_row__col--12{padding-top:100px;padding-bottom:100px}body #gspb_col-id-gsbp-219f0e2.gspb_row__col--12{display:flex;flex-direction:column;justify-content:center}.gspb_container-id-gsbp-9820fce{flex-direction:column;box-sizing:border-box}#gspb_container-id-gsbp-9820fce.gspb_container{position:relative}","footnotes":""},"class_list":["post-510","page","type-page","status-publish","hentry"],"blocksy_meta":[],"acf":[],"_links":{"self":[{"href":"https:\/\/pollerapantalon.org\/en\/wp-json\/wp\/v2\/pages\/510","targetHints":{"allow":["GET"]}}],"collection":[{"href":"https:\/\/pollerapantalon.org\/en\/wp-json\/wp\/v2\/pages"}],"about":[{"href":"https:\/\/pollerapantalon.org\/en\/wp-json\/wp\/v2\/types\/page"}],"author":[{"embeddable":true,"href":"https:\/\/pollerapantalon.org\/en\/wp-json\/wp\/v2\/users\/2"}],"replies":[{"embeddable":true,"href":"https:\/\/pollerapantalon.org\/en\/wp-json\/wp\/v2\/comments?post=510"}],"version-history":[{"count":24,"href":"https:\/\/pollerapantalon.org\/en\/wp-json\/wp\/v2\/pages\/510\/revisions"}],"predecessor-version":[{"id":1946,"href":"https:\/\/pollerapantalon.org\/en\/wp-json\/wp\/v2\/pages\/510\/revisions\/1946"}],"wp:attachment":[{"href":"https:\/\/pollerapantalon.org\/en\/wp-json\/wp\/v2\/media?parent=510"}],"curies":[{"name":"wp","href":"https:\/\/api.w.org\/{rel}","templated":true}]}}